{"id":30,"date":"2017-01-28T17:57:56","date_gmt":"2017-01-28T16:57:56","guid":{"rendered":"http:\/\/si-projekty-vyvoj.fit.cvut.cz\/wp\/?page_id=30"},"modified":"2023-08-28T12:17:27","modified_gmt":"2023-08-28T10:17:27","slug":"kontakt","status":"publish","type":"page","link":"https:\/\/www.spolek-amonit.cz\/index.php\/kontakt\/","title":{"rendered":"Kontakt"},"content":{"rendered":"<p>Informace o akc\u00edch: <a href=\"mailto:spolek.amonit@gmail.com\">spolek.amonit@gmail.com<\/a><\/p>\n<p>Instgram:<a href=\"https:\/\/www.instagram.com\/spolek_amonit\/\"> https:\/\/www.instagram.com\/spolek_amonit\/<\/a><\/p>\n<p>Facebook: <a href=\"https:\/\/www.facebook.com\/SpolekAmonit\">https:\/\/www.facebook.com\/SpolekAmonit<\/a><\/p>\n<p>Jednatelem spolku je v souladu se stanovami jeho n\u00e1\u010deln\u00edk, kter\u00fdm je:&nbsp;<\/p>\n<p>Michal Valenta &nbsp;<a href=\"mailto:michal.n.valenta@gmail.com\">michal.n.valenta@gmail.com<\/a><\/p>\n<p>Adresa s\u00eddla spolku jest:<\/p>\n<p>\u0160\u00edpkov\u00e1 1584 \/ 6<\/p>\n<p>268 01 &nbsp;Ho\u0159ovice<\/p>\n<p>I\u010cO:&nbsp;&nbsp;<span class=\"nowrap\">05759731&nbsp; &nbsp;DI\u010c:&nbsp; CZ05759731<\/span><\/p>\n<p>Bankovn\u00ed \u00fa\u010det:&nbsp; <strong>1027015522&nbsp;\/ 5500<\/strong> veden u Raiffeisenbank a.s.<\/p>\n<p>IBAN: CZ 31 5500 000000 1027015522<\/p>\n<p>SWIFT:&nbsp; RZBCCZPP<\/p>\n<p>RAIFFEISENBANK A.S. HVEZDOVA, 1716\/2B, CITY TOWER, Prague, Czech Republic<\/p>\n<p>&nbsp;<\/p>\n","protected":false},"excerpt":{"rendered":"<p>Informace o akc\u00edch: spolek.amonit@gmail.com Instgram: https:\/\/www.instagram.com\/spolek_amonit\/ Facebook: https:\/\/www.facebook.com\/SpolekAmonit Jednatelem spolku je v souladu se stanovami jeho n\u00e1\u010deln\u00edk, kter\u00fdm je:&nbsp; Michal Valenta &nbsp;michal.n.valenta@gmail.com Adresa s\u00eddla spolku jest: \u0160\u00edpkov\u00e1 1584 \/ 6 &hellip; <\/p>\n<p class=\"link-more\"><a href=\"https:\/\/www.spolek-amonit.cz\/index.php\/kontakt\/\" class=\"more-link\">Pokra\u010dovat ve \u010dten\u00ed<span class=\"screen-reader-text\"> &#8222;Kontakt&#8220;<\/span><\/a><\/p>\n","protected":false},"author":1,"featured_media":0,"parent":0,"menu_order":0,"comment_status":"closed","ping_status":"closed","template":"","meta":{"ngg_post_thumbnail":0,"footnotes":""},"class_list":["post-30","page","type-page","status-publish","hentry"],"_links":{"self":[{"href":"https:\/\/www.spolek-amonit.cz\/index.php\/wp-json\/wp\/v2\/pages\/30","targetHints":{"allow":["GET"]}}],"collection":[{"href":"https:\/\/www.spolek-amonit.cz\/index.php\/wp-json\/wp\/v2\/pages"}],"about":[{"href":"https:\/\/www.spolek-amonit.cz\/index.php\/wp-json\/wp\/v2\/types\/page"}],"author":[{"embeddable":true,"href":"https:\/\/www.spolek-amonit.cz\/index.php\/wp-json\/wp\/v2\/users\/1"}],"replies":[{"embeddable":true,"href":"https:\/\/www.spolek-amonit.cz\/index.php\/wp-json\/wp\/v2\/comments?post=30"}],"version-history":[{"count":12,"href":"https:\/\/www.spolek-amonit.cz\/index.php\/wp-json\/wp\/v2\/pages\/30\/revisions"}],"predecessor-version":[{"id":20470,"href":"https:\/\/www.spolek-amonit.cz\/index.php\/wp-json\/wp\/v2\/pages\/30\/revisions\/20470"}],"wp:attachment":[{"href":"https:\/\/www.spolek-amonit.cz\/index.php\/wp-json\/wp\/v2\/media?parent=30"}],"curies":[{"name":"wp","href":"https:\/\/api.w.org\/{rel}","templated":true}]}}