{"id":28,"date":"2017-01-28T17:57:56","date_gmt":"2017-01-28T16:57:56","guid":{"rendered":"http:\/\/si-projekty-vyvoj.fit.cvut.cz\/wp\/?page_id=28"},"modified":"2023-09-15T14:53:00","modified_gmt":"2023-09-15T12:53:00","slug":"o-nas","status":"publish","type":"page","link":"https:\/\/www.spolek-amonit.cz\/","title":{"rendered":"O n\u00e1s"},"content":{"rendered":"<p>Amonit&nbsp;<span style=\"font-weight: 400;\"> je dobrovoln\u00fdm, nevl\u00e1dn\u00edm spole\u010denstv\u00edm bytost\u00ed, kter\u00e9 se zab\u00fdvaj\u00ed &nbsp;nejr\u016fzn\u011bj\u0161\u00edmi spiritu\u00e1ln\u00edmi technikami a tradicemi, zejm\u00e9na \u0161amansk\u00fdmi, se zvl\u00e1\u0161tn\u00edm d\u016frazem na s\u00edlu a autenticitu vnit\u0159n\u00edho kruhu spole\u010denstv\u00ed.<\/span><\/p>\n<p>Zab\u00fdv\u00e1me se zejm\u00e9na po\u0159\u00e1d\u00e1n\u00edm semin\u00e1\u0159\u016f a setk\u00e1v\u00e1n\u00edm se v duchu tradic.<\/p>\n<p>Mnoho na\u0161ich aktivit <strong>bylo<\/strong> spojeno se statkem \u010d.p. 8 ve Sk\u0159idlech, kde ji\u017e na za\u010d\u00e1tku 90. let 20. stolet\u00ed organizovalo semin\u00e1\u0159e zam\u011b\u0159en\u00e9 na r\u016fzn\u00e9 \u0161amansk\u00e9 a spiritu\u00e1ln\u00ed techniky n\u011bkolik lid\u00ed. Jedn\u00edm s nich byl Boris David, kter\u00fd byl tak\u00e9 inici\u00e1torem vzniku Amonitu.<\/p>\n<p>Pot\u00e9, co Boris opustil sv\u00e9 t\u011blo, pokra\u010duje spole\u010denstv\u00ed v \u010dinnosti a d\u00e1le se v\u011bnuje spiritu\u00e1ln\u00edm a \u0161amansk\u00fdm technik\u00e1m a tradic\u00edm.<\/p>\n<p>Do roku 2016 jsme p\u016fsobili formou soukrom\u00fdch akc\u00ed, od roku 2017 jsme v souladu s Ob\u010dansk\u00fdm z\u00e1konikem sepsali <a href=\".\/wp-content\/uploads\/2017\/01\/amonit-stanovy.pdf\">stanovy<\/a> a zalo\u017eili spolek, kter\u00fd nese n\u00e1zev: <strong>Amonit, spolek dob\u0159e zapsan\u00fd<\/strong>.<\/p>\n<p>V roce 2018 jsme za\u010dali n\u011bkter\u00e9 na\u0161e akce po\u0159\u00e1dat ve V\u00fdchodn\u00edch \u010cech\u00e1ch, v katastru obce Hajnice &#8211; Horn\u00ed \u017dd\u00e1r v m\u00edst\u011b, kter\u00e9mu \u0159\u00edk\u00e1me <strong>\u00dadol\u00ed Kr\u00e1l\u016f<\/strong>. Ve Sk\u0159idlech ji\u017e akce nepo\u0159\u00e1d\u00e1me, posledn\u00ed na\u0161\u00ed akc\u00ed tam byla oslava Jarn\u00ed rovnodennosti 2023.&nbsp;<\/p>\n","protected":false},"excerpt":{"rendered":"<p>Amonit&nbsp; je dobrovoln\u00fdm, nevl\u00e1dn\u00edm spole\u010denstv\u00edm bytost\u00ed, kter\u00e9 se zab\u00fdvaj\u00ed &nbsp;nejr\u016fzn\u011bj\u0161\u00edmi spiritu\u00e1ln\u00edmi technikami a tradicemi, zejm\u00e9na \u0161amansk\u00fdmi, se zvl\u00e1\u0161tn\u00edm d\u016frazem na s\u00edlu a autenticitu vnit\u0159n\u00edho kruhu spole\u010denstv\u00ed. Zab\u00fdv\u00e1me se zejm\u00e9na po\u0159\u00e1d\u00e1n\u00edm &hellip; <\/p>\n<p class=\"link-more\"><a href=\"https:\/\/www.spolek-amonit.cz\/\" class=\"more-link\">Pokra\u010dovat ve \u010dten\u00ed<span class=\"screen-reader-text\"> &#8222;O n\u00e1s&#8220;<\/span><\/a><\/p>\n","protected":false},"author":1,"featured_media":0,"parent":0,"menu_order":0,"comment_status":"closed","ping_status":"closed","template":"","meta":{"ngg_post_thumbnail":0,"footnotes":""},"class_list":["post-28","page","type-page","status-publish","hentry"],"_links":{"self":[{"href":"https:\/\/www.spolek-amonit.cz\/index.php\/wp-json\/wp\/v2\/pages\/28","targetHints":{"allow":["GET"]}}],"collection":[{"href":"https:\/\/www.spolek-amonit.cz\/index.php\/wp-json\/wp\/v2\/pages"}],"about":[{"href":"https:\/\/www.spolek-amonit.cz\/index.php\/wp-json\/wp\/v2\/types\/page"}],"author":[{"embeddable":true,"href":"https:\/\/www.spolek-amonit.cz\/index.php\/wp-json\/wp\/v2\/users\/1"}],"replies":[{"embeddable":true,"href":"https:\/\/www.spolek-amonit.cz\/index.php\/wp-json\/wp\/v2\/comments?post=28"}],"version-history":[{"count":14,"href":"https:\/\/www.spolek-amonit.cz\/index.php\/wp-json\/wp\/v2\/pages\/28\/revisions"}],"predecessor-version":[{"id":20486,"href":"https:\/\/www.spolek-amonit.cz\/index.php\/wp-json\/wp\/v2\/pages\/28\/revisions\/20486"}],"wp:attachment":[{"href":"https:\/\/www.spolek-amonit.cz\/index.php\/wp-json\/wp\/v2\/media?parent=28"}],"curies":[{"name":"wp","href":"https:\/\/api.w.org\/{rel}","templated":true}]}}