{"id":278,"date":"2017-02-02T11:39:02","date_gmt":"2017-02-02T10:39:02","guid":{"rendered":"http:\/\/si-projekty-vyvoj.fit.cvut.cz\/wp\/?page_id=278"},"modified":"2022-04-09T18:41:10","modified_gmt":"2022-04-09T16:41:10","slug":"spratelene-weby","status":"publish","type":"page","link":"https:\/\/www.spolek-amonit.cz\/index.php\/spratelene-weby\/","title":{"rendered":"Sp\u0159\u00e1telen\u00e9 weby"},"content":{"rendered":"<h2>Sp\u0159\u00e1telen\u00e9 weby<\/h2>\n<ul>\n<li><a href=\"https:\/\/www.divozenky.cz\/\">Divo\u017eenky Trutnov<\/a><\/li>\n<li><a href=\"http:\/\/skridla.arcs.cz\/\" target=\"_blank\" rel=\"noopener\">M\u00edra Ka\u0161par a jeho program, p\u0159ev\u00e1\u017en\u011b t\u00e9\u017e na Sk\u0159idlech<\/a><\/li>\n<li><a href=\"http:\/\/www.lukostrelec.cz\/\" target=\"_blank\" rel=\"noopener\">Tradi\u010dn\u00ed lukost\u0159elba v \u010cech\u00e1ch<\/a><\/li>\n<li><a href=\"http:\/\/www.kocko.cz\/\" target=\"_blank\" rel=\"noopener\">Tom\u00e1\u0161 Ko\u010dko<\/a><\/li>\n<\/ul>\n<h2>U\u017eite\u010dn\u00e9 odkazy<\/h2>\n<div>&nbsp;<\/div>\n<ul>\n<li><a href=\"http:\/\/karpatskypecuch.org\/\" target=\"_blank\" rel=\"noopener\">&nbsp;SLOVENSK\u00c1 KOMUNITA KARPATSK\u00dd PEC\u00daCH<\/a><\/li>\n<li>&nbsp;<a href=\"https:\/\/www.youtube.com\/watch?v=YkwlR6EnOps#t=11\" target=\"_blank\" rel=\"noopener\">&#8222;INDI\u00c1NSK\u00dd KRA\u010c\u016eN&#8220;<\/a><\/li>\n<li><a href=\"http:\/\/shamanicdrumming.com\/free_downloads.html\" target=\"_blank\" rel=\"noopener\">DO ZA\u010c\u00c1TK\u016e V \u0160AMANSK\u00c9M BUNOV\u00c1N\u00cd<\/a><\/li>\n<li><a href=\"http:\/\/www.tea.717.cz\/menu\/knihy-download-ke-stazeni-zdarma\" target=\"_blank\" rel=\"noopener\">P\u00c1R KNIH PRO TY, CO ZA\u010c\u00cdNAJ\u00cd S DUCHOVN\u00cdMI TECHNIKAMI<\/a><\/li>\n<li><a href=\"http:\/\/www.slovanskykruh.cz\/cs\/\" target=\"_blank\" rel=\"noopener\">SLOVANI<\/a><\/li>\n<li><a href=\"http:\/\/www.okobohu.cz\/\" target=\"_blank\" rel=\"noopener\">ST\u0158EDOAMERICK\u00c1 TRADICE<\/a><\/li>\n<li><a href=\"http:\/\/www2.rozhlas.cz\/keltove\/\" target=\"_blank\" rel=\"noopener\">KELTOV\u00c9<\/a><\/li>\n<li><a href=\"https:\/\/www.fzo.cz\/zidovske-obce\/\" target=\"_blank\" rel=\"noopener\">\u017dID\u00c9<\/a><\/li>\n<\/ul>\n<div>&nbsp;<\/div>\n","protected":false},"excerpt":{"rendered":"<p>Sp\u0159\u00e1telen\u00e9 weby Divo\u017eenky Trutnov M\u00edra Ka\u0161par a jeho program, p\u0159ev\u00e1\u017en\u011b t\u00e9\u017e na Sk\u0159idlech Tradi\u010dn\u00ed lukost\u0159elba v \u010cech\u00e1ch Tom\u00e1\u0161 Ko\u010dko U\u017eite\u010dn\u00e9 odkazy &nbsp; &nbsp;SLOVENSK\u00c1 KOMUNITA KARPATSK\u00dd PEC\u00daCH &nbsp;&#8222;INDI\u00c1NSK\u00dd KRA\u010c\u016eN&#8220; DO ZA\u010c\u00c1TK\u016e &hellip; <\/p>\n<p class=\"link-more\"><a href=\"https:\/\/www.spolek-amonit.cz\/index.php\/spratelene-weby\/\" class=\"more-link\">Pokra\u010dovat ve \u010dten\u00ed<span class=\"screen-reader-text\"> &#8222;Sp\u0159\u00e1telen\u00e9 weby&#8220;<\/span><\/a><\/p>\n","protected":false},"author":1,"featured_media":0,"parent":0,"menu_order":0,"comment_status":"closed","ping_status":"closed","template":"","meta":{"ngg_post_thumbnail":0,"footnotes":""},"class_list":["post-278","page","type-page","status-publish","hentry"],"_links":{"self":[{"href":"https:\/\/www.spolek-amonit.cz\/index.php\/wp-json\/wp\/v2\/pages\/278","targetHints":{"allow":["GET"]}}],"collection":[{"href":"https:\/\/www.spolek-amonit.cz\/index.php\/wp-json\/wp\/v2\/pages"}],"about":[{"href":"https:\/\/www.spolek-amonit.cz\/index.php\/wp-json\/wp\/v2\/types\/page"}],"author":[{"embeddable":true,"href":"https:\/\/www.spolek-amonit.cz\/index.php\/wp-json\/wp\/v2\/users\/1"}],"replies":[{"embeddable":true,"href":"https:\/\/www.spolek-amonit.cz\/index.php\/wp-json\/wp\/v2\/comments?post=278"}],"version-history":[{"count":5,"href":"https:\/\/www.spolek-amonit.cz\/index.php\/wp-json\/wp\/v2\/pages\/278\/revisions"}],"predecessor-version":[{"id":20373,"href":"https:\/\/www.spolek-amonit.cz\/index.php\/wp-json\/wp\/v2\/pages\/278\/revisions\/20373"}],"wp:attachment":[{"href":"https:\/\/www.spolek-amonit.cz\/index.php\/wp-json\/wp\/v2\/media?parent=278"}],"curies":[{"name":"wp","href":"https:\/\/api.w.org\/{rel}","templated":true}]}}