{"id":20403,"date":"2022-04-15T12:04:29","date_gmt":"2022-04-15T10:04:29","guid":{"rendered":"https:\/\/www.spolek-amonit.cz\/?page_id=20403"},"modified":"2022-04-15T12:29:11","modified_gmt":"2022-04-15T10:29:11","slug":"loze","status":"publish","type":"page","link":"https:\/\/www.spolek-amonit.cz\/index.php\/o-nas\/loze\/","title":{"rendered":"L\u00f3\u017ee"},"content":{"rendered":"<p>Tady si p\u0159edstavte n\u011bjakou reprezentativn\u00ed fotku sou\u010dasn\u00e9ho organiza\u010dn\u00edho t\u00fdmu \ud83d\ude09<\/p>\n","protected":false},"excerpt":{"rendered":"<p>Tady si p\u0159edstavte n\u011bjakou reprezentativn\u00ed fotku sou\u010dasn\u00e9ho organiza\u010dn\u00edho t\u00fdmu \ud83d\ude09<\/p>\n","protected":false},"author":6,"featured_media":0,"parent":28,"menu_order":2,"comment_status":"closed","ping_status":"closed","template":"","meta":{"ngg_post_thumbnail":0,"footnotes":""},"class_list":["post-20403","page","type-page","status-publish","hentry"],"_links":{"self":[{"href":"https:\/\/www.spolek-amonit.cz\/index.php\/wp-json\/wp\/v2\/pages\/20403","targetHints":{"allow":["GET"]}}],"collection":[{"href":"https:\/\/www.spolek-amonit.cz\/index.php\/wp-json\/wp\/v2\/pages"}],"about":[{"href":"https:\/\/www.spolek-amonit.cz\/index.php\/wp-json\/wp\/v2\/types\/page"}],"author":[{"embeddable":true,"href":"https:\/\/www.spolek-amonit.cz\/index.php\/wp-json\/wp\/v2\/users\/6"}],"replies":[{"embeddable":true,"href":"https:\/\/www.spolek-amonit.cz\/index.php\/wp-json\/wp\/v2\/comments?post=20403"}],"version-history":[{"count":5,"href":"https:\/\/www.spolek-amonit.cz\/index.php\/wp-json\/wp\/v2\/pages\/20403\/revisions"}],"predecessor-version":[{"id":20410,"href":"https:\/\/www.spolek-amonit.cz\/index.php\/wp-json\/wp\/v2\/pages\/20403\/revisions\/20410"}],"up":[{"embeddable":true,"href":"https:\/\/www.spolek-amonit.cz\/index.php\/wp-json\/wp\/v2\/pages\/28"}],"wp:attachment":[{"href":"https:\/\/www.spolek-amonit.cz\/index.php\/wp-json\/wp\/v2\/media?parent=20403"}],"curies":[{"name":"wp","href":"https:\/\/api.w.org\/{rel}","templated":true}]}}